{"id":81,"date":"2020-06-26T16:22:44","date_gmt":"2020-06-26T16:22:44","guid":{"rendered":"http:\/\/medcollect.mx\/?page_id=81"},"modified":"2020-07-01T09:27:48","modified_gmt":"2020-07-01T14:27:48","slug":"fiscal-2","status":"publish","type":"page","link":"https:\/\/medcollect.mx\/?page_id=81","title":{"rendered":"Fiscal"},"content":{"rendered":"\t\t<div data-elementor-type=\"wp-page\" data-elementor-id=\"81\" class=\"elementor elementor-81\" data-elementor-settings=\"[]\">\n\t\t\t\t\t\t<div class=\"elementor-inner\">\n\t\t\t\t\t\t\t<div class=\"elementor-section-wrap\">\n\t\t\t\t\t\t\t<section class=\"elementor-section elementor-top-section elementor-element elementor-element-7ffa972 elementor-section-height-min-height elementor-section-items-stretch elementor-section-boxed elementor-section-height-default\" data-id=\"7ffa972\" data-element_type=\"section\" data-settings=\"{&quot;background_background&quot;:&quot;classic&quot;}\">\n\t\t\t\t\t\t<div class=\"elementor-container elementor-column-gap-default\">\n\t\t\t\t\t\t\t<div class=\"elementor-row\">\n\t\t\t\t\t<div class=\"elementor-column elementor-col-100 elementor-top-column elementor-element elementor-element-1bf0702\" data-id=\"1bf0702\" data-element_type=\"column\">\n\t\t\t<div class=\"elementor-column-wrap elementor-element-populated\">\n\t\t\t\t\t\t\t<div class=\"elementor-widget-wrap\">\n\t\t\t\t\t\t<div class=\"elementor-element elementor-element-e756390 elementor-widget elementor-widget-heading\" data-id=\"e756390\" data-element_type=\"widget\" data-widget_type=\"heading.default\">\n\t\t\t\t<div class=\"elementor-widget-container\">\n\t\t\t<h2 class=\"elementor-heading-title elementor-size-default\">Fiscal<\/h2>\t\t<\/div>\n\t\t\t\t<\/div>\n\t\t\t\t<div class=\"elementor-element elementor-element-b63db29 elementor-widget elementor-widget-spacer\" data-id=\"b63db29\" data-element_type=\"widget\" data-widget_type=\"spacer.default\">\n\t\t\t\t<div class=\"elementor-widget-container\">\n\t\t\t\t\t<div class=\"elementor-spacer\">\n\t\t\t<div class=\"elementor-spacer-inner\"><\/div>\n\t\t<\/div>\n\t\t\t\t<\/div>\n\t\t\t\t<\/div>\n\t\t\t\t<div class=\"elementor-element elementor-element-6b85fe7 elementor-widget elementor-widget-text-editor\" data-id=\"6b85fe7\" data-element_type=\"widget\" data-widget_type=\"text-editor.default\">\n\t\t\t\t<div class=\"elementor-widget-container\">\n\t\t\t\t\t<div class=\"elementor-text-editor elementor-clearfix\"><p>Si a\u00fan no cuenta con alguna empresa que le apoye para la determinaci\u00f3n de sus obligaciones fiscales nosotros tambi\u00e9n podemos apoyarlo. Tenemos en nuestro equipo a los mejores expertos en el \u00e1rea contable que le pueden ayudar a presentar ante el SAT las diferentes obligaciones que tenga en su pr\u00e1ctica profesional.<\/p><\/div>\n\t\t\t\t<\/div>\n\t\t\t\t<\/div>\n\t\t\t\t\t\t<\/div>\n\t\t\t\t\t<\/div>\n\t\t<\/div>\n\t\t\t\t\t\t\t\t<\/div>\n\t\t\t\t\t<\/div>\n\t\t<\/section>\n\t\t\t\t\t\t<\/div>\n\t\t\t\t\t\t<\/div>\n\t\t\t\t\t<\/div>\n\t\t","protected":false},"excerpt":{"rendered":"<p>Fiscal Si a\u00fan no cuenta con alguna empresa que le apoye para la determinaci\u00f3n de sus obligaciones fiscales nosotros tambi\u00e9n podemos apoyarlo. Tenemos en nuestro equipo a los mejores expertos en el \u00e1rea contable que le pueden ayudar a presentar ante el SAT las diferentes obligaciones que tenga en su pr\u00e1ctica profesional.<\/p>\n","protected":false},"author":1,"featured_media":0,"parent":0,"menu_order":0,"comment_status":"closed","ping_status":"closed","template":"elementor_header_footer","meta":{"footnotes":""},"class_list":["post-81","page","type-page","status-publish","hentry","entry"],"_links":{"self":[{"href":"https:\/\/medcollect.mx\/index.php?rest_route=\/wp\/v2\/pages\/81","targetHints":{"allow":["GET"]}}],"collection":[{"href":"https:\/\/medcollect.mx\/index.php?rest_route=\/wp\/v2\/pages"}],"about":[{"href":"https:\/\/medcollect.mx\/index.php?rest_route=\/wp\/v2\/types\/page"}],"author":[{"embeddable":true,"href":"https:\/\/medcollect.mx\/index.php?rest_route=\/wp\/v2\/users\/1"}],"replies":[{"embeddable":true,"href":"https:\/\/medcollect.mx\/index.php?rest_route=%2Fwp%2Fv2%2Fcomments&post=81"}],"version-history":[{"count":4,"href":"https:\/\/medcollect.mx\/index.php?rest_route=\/wp\/v2\/pages\/81\/revisions"}],"predecessor-version":[{"id":125,"href":"https:\/\/medcollect.mx\/index.php?rest_route=\/wp\/v2\/pages\/81\/revisions\/125"}],"wp:attachment":[{"href":"https:\/\/medcollect.mx\/index.php?rest_route=%2Fwp%2Fv2%2Fmedia&parent=81"}],"curies":[{"name":"wp","href":"https:\/\/api.w.org\/{rel}","templated":true}]}}